{"id":63,"date":"2024-12-18T17:00:07","date_gmt":"2024-12-18T22:00:07","guid":{"rendered":"http:\/\/intranet.buga.gov.co\/?page_id=63"},"modified":"2025-02-20T10:39:04","modified_gmt":"2025-02-20T15:39:04","slug":"mision-vision-y-funciones","status":"publish","type":"page","link":"https:\/\/intranet.buga.gov.co\/index.php\/mision-vision-y-funciones\/","title":{"rendered":"Misi\u00f3n, Visi\u00f3n y Funciones"},"content":{"rendered":"\t\t<div data-elementor-type=\"wp-page\" data-elementor-id=\"63\" class=\"elementor elementor-63\">\n\t\t\t\t<div class=\"elementor-element elementor-element-af04339 e-flex e-con-boxed e-con e-parent\" data-id=\"af04339\" data-element_type=\"container\" data-e-type=\"container\">\n\t\t\t\t\t<div class=\"e-con-inner\">\n\t\t<div class=\"elementor-element elementor-element-403738c e-con-full e-flex e-con e-child\" data-id=\"403738c\" data-element_type=\"container\" data-e-type=\"container\">\n\t\t\t\t<div class=\"elementor-element elementor-element-74addc1 elementor-widget elementor-widget-image\" data-id=\"74addc1\" data-element_type=\"widget\" data-e-type=\"widget\" data-widget_type=\"image.default\">\n\t\t\t\t<div class=\"elementor-widget-container\">\n\t\t\t\t\t\t\t\t\t\t\t\t\t\t\t<img fetchpriority=\"high\" decoding=\"async\" width=\"1024\" height=\"448\" src=\"https:\/\/intranet.buga.gov.co\/wp-content\/uploads\/2025\/02\/Mision-1024x448.png\" class=\"attachment-large size-large wp-image-278\" alt=\"\" srcset=\"https:\/\/intranet.buga.gov.co\/wp-content\/uploads\/2025\/02\/Mision-1024x448.png 1024w, https:\/\/intranet.buga.gov.co\/wp-content\/uploads\/2025\/02\/Mision-300x131.png 300w, https:\/\/intranet.buga.gov.co\/wp-content\/uploads\/2025\/02\/Mision-768x336.png 768w, https:\/\/intranet.buga.gov.co\/wp-content\/uploads\/2025\/02\/Mision-1536x673.png 1536w, https:\/\/intranet.buga.gov.co\/wp-content\/uploads\/2025\/02\/Mision-2048x897.png 2048w\" sizes=\"(max-width: 1024px) 100vw, 1024px\" \/>\t\t\t\t\t\t\t\t\t\t\t\t\t\t\t<\/div>\n\t\t\t\t<\/div>\n\t\t\t\t<\/div>\n\t\t<div class=\"elementor-element elementor-element-12acb9f e-con-full e-flex e-con e-child\" data-id=\"12acb9f\" data-element_type=\"container\" data-e-type=\"container\">\n\t\t\t\t<div class=\"elementor-element elementor-element-4beff46 elementor-widget elementor-widget-text-editor\" data-id=\"4beff46\" data-element_type=\"widget\" data-e-type=\"widget\" data-widget_type=\"text-editor.default\">\n\t\t\t\t<div class=\"elementor-widget-container\">\n\t\t\t\t\t\t\t\t\t<p>La alcald\u00eda Municipal de Guadalajara de Buga, promueve una ciudad para todos, incluyente y de crecimiento sostenible, garantizando la participaci\u00f3n ciudadana, la convivencia y la transparencia, mejorando las condiciones de productividad y competitividad para el desarrollo econ\u00f3mico, tur\u00edstico y social, manteniendo la preservaci\u00f3n de su memoria y su identidad cultural.<\/p>\t\t\t\t\t\t\t\t<\/div>\n\t\t\t\t<\/div>\n\t\t\t\t<\/div>\n\t\t<div class=\"elementor-element elementor-element-215082e e-con-full e-flex e-con e-child\" data-id=\"215082e\" data-element_type=\"container\" data-e-type=\"container\">\n\t\t\t\t<div class=\"elementor-element elementor-element-fdac0fa elementor-widget elementor-widget-image\" data-id=\"fdac0fa\" data-element_type=\"widget\" data-e-type=\"widget\" data-widget_type=\"image.default\">\n\t\t\t\t<div class=\"elementor-widget-container\">\n\t\t\t\t\t\t\t\t\t\t\t\t\t\t\t<img decoding=\"async\" width=\"1000\" height=\"438\" src=\"https:\/\/intranet.buga.gov.co\/wp-content\/uploads\/2025\/02\/Vision.png\" class=\"attachment-large size-large wp-image-279\" alt=\"\" srcset=\"https:\/\/intranet.buga.gov.co\/wp-content\/uploads\/2025\/02\/Vision.png 1000w, https:\/\/intranet.buga.gov.co\/wp-content\/uploads\/2025\/02\/Vision-300x131.png 300w, https:\/\/intranet.buga.gov.co\/wp-content\/uploads\/2025\/02\/Vision-768x336.png 768w\" sizes=\"(max-width: 1000px) 100vw, 1000px\" \/>\t\t\t\t\t\t\t\t\t\t\t\t\t\t\t<\/div>\n\t\t\t\t<\/div>\n\t\t\t\t<\/div>\n\t\t<div class=\"elementor-element elementor-element-e867a7b e-con-full e-flex e-con e-child\" data-id=\"e867a7b\" data-element_type=\"container\" data-e-type=\"container\">\n\t\t\t\t<div class=\"elementor-element elementor-element-830850b elementor-widget elementor-widget-text-editor\" data-id=\"830850b\" data-element_type=\"widget\" data-e-type=\"widget\" data-widget_type=\"text-editor.default\">\n\t\t\t\t<div class=\"elementor-widget-container\">\n\t\t\t\t\t\t\t\t\t<p>Guadalajara de Buga para el a\u00f1o 2032 ser\u00e1 reconocida como el eje de desarrollo econ\u00f3mico, estrat\u00e9gico, competitivo y log\u00edstico a nivel nacional e internacional posicion\u00e1ndola en el \u00e1mbito agroinsdustrial, agroecol\u00f3gico, deportivo, educativo, tur\u00edstico y cultural optimizando y gestionando los recursos de manera conjunta con el gobierno departamental y nacional, garantizando de manera transparente y accesible los derechos, la diversidad, la seguridad y el bienestar de todos los habitantes.<\/p>\t\t\t\t\t\t\t\t<\/div>\n\t\t\t\t<\/div>\n\t\t\t\t<\/div>\n\t\t\t\t\t<\/div>\n\t\t\t\t<\/div>\n\t\t<div class=\"elementor-element elementor-element-6135c41 e-flex e-con-boxed e-con e-parent\" data-id=\"6135c41\" data-element_type=\"container\" data-e-type=\"container\">\n\t\t\t\t\t<div class=\"e-con-inner\">\n\t\t<div class=\"elementor-element elementor-element-50b55df e-con-full e-flex e-con e-child\" data-id=\"50b55df\" data-element_type=\"container\" data-e-type=\"container\">\n\t\t\t\t<div class=\"elementor-element elementor-element-d579cfb elementor-widget elementor-widget-heading\" data-id=\"d579cfb\" data-element_type=\"widget\" data-e-type=\"widget\" data-widget_type=\"heading.default\">\n\t\t\t\t<div class=\"elementor-widget-container\">\n\t\t\t\t\t<h3 class=\"elementor-heading-title elementor-size-default\">Funciones<\/h3>\t\t\t\t<\/div>\n\t\t\t\t<\/div>\n\t\t\t\t<\/div>\n\t\t<div class=\"elementor-element elementor-element-f09b2b8 e-con-full e-flex e-con e-child\" data-id=\"f09b2b8\" data-element_type=\"container\" data-e-type=\"container\">\n\t\t\t\t<\/div>\n\t\t<div class=\"elementor-element elementor-element-fafb1cb e-con-full e-flex e-con e-child\" data-id=\"fafb1cb\" data-element_type=\"container\" data-e-type=\"container\">\n\t\t\t\t<div class=\"elementor-element elementor-element-ee9bf63 elementor-widget elementor-widget-text-editor\" data-id=\"ee9bf63\" data-element_type=\"widget\" data-e-type=\"widget\" data-widget_type=\"text-editor.default\">\n\t\t\t\t<div class=\"elementor-widget-container\">\n\t\t\t\t\t\t\t\t\t<ul><li>Dirigir la acci\u00f3n administrativa del municipio, asegurar el cumplimiento de las funciones y de la prestaci\u00f3n de los servicios a su cargo; representarlo judicial y extrajudicialmente.<\/li><li>Nombrar y remover los funcionarios bajo su dependencia y a los gerentes y directores de los establecimientos p\u00fablicos y las empresas industriales y comerciales de car\u00e1cter local, de acuerdo con las disposiciones pertinentes.<\/li><li>Suprimir o fusionar entidades o dependencias municipales, de conformidad con los Acuerdos respectivos. Los acuerdos que sobre \u00e9ste particular expida el Concejo, facultar\u00e1n al Alcalde para que ejerza la atribuci\u00f3n con miras al cumplimiento de los principios de igualdad, moralidad, eficacia, econom\u00eda, celeridad, imparcialidad y publicidad, definidos en el art\u00edculo 209 de la Constituci\u00f3n Pol\u00edtica.<\/li><li>Crear, suprimir o fusionar los empleados de sus dependencias, se\u00f1alarles funciones especiales y fijarles sus emolumentos con arreglo a los Acuerdos correspondientes. No podr\u00e1 crear obligaciones que excedan el monto global fijado para los gastos de personal en el presupuesto inicialmente aprobado.<\/li><li>Los Acuerdos que sobre este particular se expidan podr\u00e1n facultar al Alcalde para que sin exceder el monto presupuestal fijado, ejerza dicha funci\u00f3n protempore, en los t\u00e9rminos del art\u00edculo 209 de la Constituci\u00f3n Pol\u00edtica.<\/li><li>Ordenar los gastos y celebrar los contratos y convenios municipales, de acuerdo con el plan de desarrollo econ\u00f3mico, social y con el presupuesto, observando las normas jur\u00eddicas aplicables.<\/li><li>Velar por el cumplimiento de las funciones de los empleados oficiales, municipales y dictar los actos necesarios para su administraci\u00f3n. Apoyar con recursos humanos y materiales el buen funcionamiento de las Juntas Administradoras Locales.<\/li><li>Ejercer el poder disciplinario respecto a los empleados oficiales bajo su dependencia. Conceder licencias y aceptar renuncias a los funcionarios y miembros de las juntas, Concejo y dem\u00e1s organismos cuyos nombramientos correspondan al Concejo, cuando este no se encuentre reunido; y nombrar interinamente a quien deba reemplazarlos, excepto en los casos en que la Ley disponga otra cosa.<\/li><li>Coordinar las actividades de los establecimientos p\u00fablicos, empresas industriales y comerciales, sociedades de econom\u00eda mixta, fondos rotatorios y unidades administrativas especiales del municipio.<\/li><li>Distribuir los negocios, seg\u00fan su naturaleza, entre las secretar\u00edas, departamentos administrativos y establecimientos p\u00fablicos. Conceder permisos a los empleados p\u00fablicos municipales de carrera administrativa para aceptar con car\u00e1cter temporal cargos de la Naci\u00f3n o del Departamento.<\/li><li>Adelantar acciones encaminadas a promover el mejoramiento econ\u00f3mico de los habitantes del municipio.<\/li><li>Desarrollar acciones encaminadas a garantizar la promoci\u00f3n de la solidaridad y la convivencia entre los habitantes del municipio, dise\u00f1ando mecanismos que permitan la participaci\u00f3n de la comunidad en la planeaci\u00f3n del desarrollo, la concertaci\u00f3n y la toma de decisiones municipales.<\/li><li>Velar por el desarrollo sostenible en concurrencia con las entidades que determine la Ley. Ejecutar acciones tendientes a la protecci\u00f3n de las personas, ni\u00f1os e indigentes y su integraci\u00f3n a la familia y a la vida social, productiva y comunitaria.<\/li><\/ul>\t\t\t\t\t\t\t\t<\/div>\n\t\t\t\t<\/div>\n\t\t\t\t<\/div>\n\t\t\t\t\t<\/div>\n\t\t\t\t<\/div>\n\t\t\t\t<\/div>\n\t\t","protected":false},"excerpt":{"rendered":"<p>La alcald\u00eda Municipal de Guadalajara de Buga, promueve una ciudad para todos, incluyente y de crecimiento sostenible, garantizando la participaci\u00f3n [&hellip;]<\/p>\n","protected":false},"author":1,"featured_media":0,"parent":0,"menu_order":0,"comment_status":"closed","ping_status":"closed","template":"","meta":{"_eb_attr":"","_uag_custom_page_level_css":"","site-sidebar-layout":"no-sidebar","site-content-layout":"","ast-site-content-layout":"full-width-container","site-content-style":"default","site-sidebar-style":"default","ast-global-header-display":"","ast-banner-title-visibility":"","ast-main-header-display":"","ast-hfb-above-header-display":"","ast-hfb-below-header-display":"","ast-hfb-mobile-header-display":"","site-post-title":"disabled","ast-breadcrumbs-content":"","ast-featured-img":"disabled","footer-sml-layout":"","ast-disable-related-posts":"","theme-transparent-header-meta":"","adv-header-id-meta":"","stick-header-meta":"","header-above-stick-meta":"","header-main-stick-meta":"","header-below-stick-meta":"","astra-migrate-meta-layouts":"default","ast-page-background-enabled":"default","ast-page-background-meta":{"desktop":{"background-color":"var(--ast-global-color-4)","background-image":"","background-repeat":"repeat","background-position":"center center","background-size":"auto","background-attachment":"scroll","background-type":"","background-media":"","overlay-type":"","overlay-color":"","overlay-opacity":"","overlay-gradient":""},"tablet":{"background-color":"","background-image":"","background-repeat":"repeat","background-position":"center center","background-size":"auto","background-attachment":"scroll","background-type":"","background-media":"","overlay-type":"","overlay-color":"","overlay-opacity":"","overlay-gradient":""},"mobile":{"background-color":"","background-image":"","background-repeat":"repeat","background-position":"center center","background-size":"auto","background-attachment":"scroll","background-type":"","background-media":"","overlay-type":"","overlay-color":"","overlay-opacity":"","overlay-gradient":""}},"ast-content-background-meta":{"desktop":{"background-color":"var(--ast-global-color-5)","background-image":"","background-repeat":"repeat","background-position":"center center","background-size":"auto","background-attachment":"scroll","background-type":"","background-media":"","overlay-type":"","overlay-color":"","overlay-opacity":"","overlay-gradient":""},"tablet":{"background-color":"var(--ast-global-color-5)","background-image":"","background-repeat":"repeat","background-position":"center center","background-size":"auto","background-attachment":"scroll","background-type":"","background-media":"","overlay-type":"","overlay-color":"","overlay-opacity":"","overlay-gradient":""},"mobile":{"background-color":"var(--ast-global-color-5)","background-image":"","background-repeat":"repeat","background-position":"center center","background-size":"auto","background-attachment":"scroll","background-type":"","background-media":"","overlay-type":"","overlay-color":"","overlay-opacity":"","overlay-gradient":""}},"footnotes":""},"class_list":["post-63","page","type-page","status-publish","hentry"],"uagb_featured_image_src":{"full":false,"thumbnail":false,"medium":false,"medium_large":false,"large":false,"1536x1536":false,"2048x2048":false},"uagb_author_info":{"display_name":"administrador","author_link":"https:\/\/intranet.buga.gov.co\/index.php\/author\/administrador\/"},"uagb_comment_info":0,"uagb_excerpt":"La alcald\u00eda Municipal de Guadalajara de Buga, promueve una ciudad para todos, incluyente y de crecimiento sostenible, garantizando la participaci\u00f3n [&hellip;]","_links":{"self":[{"href":"https:\/\/intranet.buga.gov.co\/index.php\/wp-json\/wp\/v2\/pages\/63","targetHints":{"allow":["GET"]}}],"collection":[{"href":"https:\/\/intranet.buga.gov.co\/index.php\/wp-json\/wp\/v2\/pages"}],"about":[{"href":"https:\/\/intranet.buga.gov.co\/index.php\/wp-json\/wp\/v2\/types\/page"}],"author":[{"embeddable":true,"href":"https:\/\/intranet.buga.gov.co\/index.php\/wp-json\/wp\/v2\/users\/1"}],"replies":[{"embeddable":true,"href":"https:\/\/intranet.buga.gov.co\/index.php\/wp-json\/wp\/v2\/comments?post=63"}],"version-history":[{"count":19,"href":"https:\/\/intranet.buga.gov.co\/index.php\/wp-json\/wp\/v2\/pages\/63\/revisions"}],"predecessor-version":[{"id":707,"href":"https:\/\/intranet.buga.gov.co\/index.php\/wp-json\/wp\/v2\/pages\/63\/revisions\/707"}],"wp:attachment":[{"href":"https:\/\/intranet.buga.gov.co\/index.php\/wp-json\/wp\/v2\/media?parent=63"}],"curies":[{"name":"wp","href":"https:\/\/api.w.org\/{rel}","templated":true}]}}